{"id":379,"date":"2021-05-21T22:45:19","date_gmt":"2021-05-21T20:45:19","guid":{"rendered":"https:\/\/www.carldeconinck.com\/?page_id=379"},"modified":"2021-10-09T21:12:47","modified_gmt":"2021-10-09T19:12:47","slug":"home-page","status":"publish","type":"page","link":"https:\/\/www.carldeconinck.com\/","title":{"rendered":"Site Officiel"},"content":{"rendered":"<div class=\"tmpl-call_to_action-4 boldgrid-section dynamic-gridblock background-scroll\" style=\"background-image: url('https:\/\/www.carldeconinck.com\/wp-content\/uploads\/2021\/05\/829-2-scaled.jpg'); background-size: cover; background-position: 50% 50%;\" data-image-url=\"https:\/\/www.carldeconinck.com\/wp-content\/uploads\/2021\/05\/829-2-scaled.jpg\">\n<div class=\"container\">\n<div class=\"row\">\n<div class=\"col-md-6 col-sm-6 col-xs-2\">\n<div class=\"\"><\/div>\n<\/div>\n<div class=\"col-md-6 col-sm-6 col-xs-10\">\n<div class=\"bg-box-cover bg-background-color bg-box\" style=\"padding: 85px 10%; background-color: rgba(19, 19, 19, 0.8); color: #ffffff;\">\n<p class=\"\" style=\"font-family: 'Palatino Linotype', 'Book Antiqua', Palatino, serif; font-weight: 400; font-size: 19px; line-height: 1.7em;\" data-font-family=\"Palatino Linotype\" data-font-weight=\"400\" data-font-style=\"\">L&rsquo;envie de peindre<\/p>\n<p class=\"\" style=\"font-family: 'Palatino Linotype', 'Book Antiqua', Palatino, serif; font-weight: 400; font-size: 19px; line-height: 1.7em;\" data-font-family=\"Palatino Linotype\" data-font-weight=\"400\" data-font-style=\"\">est proportionnel \u00e0 l\u2019appr\u00e9hension<span class=\"Apple-converted-space\">&nbsp; <\/span>de commencer \u00e0 peindre.<\/p>\n<p class=\"\" style=\"font-family: 'Palatino Linotype', 'Book Antiqua', Palatino, serif; font-weight: 400; font-size: 19px; line-height: 1.7em;\" data-font-family=\"Palatino Linotype\" data-font-weight=\"400\" data-font-style=\"\">Les couleurs d\u00e9filent devant les yeux<\/p>\n<p class=\"\" style=\"font-family: 'Palatino Linotype', 'Book Antiqua', Palatino, serif; font-weight: 400; font-size: 19px; line-height: 1.7em;\" data-font-family=\"Palatino Linotype\" data-font-weight=\"400\" data-font-style=\"\">mais on se trouve face \u00e0 une toile blanche .<\/p>\n<p class=\"\" data-font-family=\"Palatino Linotype\" data-font-weight=\"400\" data-font-style=\"\">&nbsp;<\/p>\n<p class=\"\">&nbsp;<\/p>\n<p class=\"\">&nbsp;<\/p>\n<\/div>\n<\/div>\n<\/div>\n<\/div>\n<\/div>\n<div class=\"boldgrid-section\">\n<div class=\"container\">\n<div class=\"row\">\n<div class=\"col-md-12 col-xs-12 col-sm-12\">\n<p class=\"\" style=\"text-align: right; font-family: 'Palatino Linotype', 'Book Antiqua', Palatino, serif; font-weight: 400; font-size: 16px; line-height: 3em;\" data-font-family=\"Palatino Linotype\" data-font-weight=\"400\" data-font-style=\"\">&nbsp;<\/p>\n<div class=\"boldgrid-shortcode\" data-imhwpb-draggable=\"true\">\n<div class=\"widget widget_search\"><form role=\"search\" method=\"get\" class=\"search-form\" action=\"https:\/\/www.carldeconinck.com\/\">\n\t\t\t\t<label>\n\t\t\t\t\t<span class=\"screen-reader-text\">Rechercher\u00a0:<\/span>\n\t\t\t\t\t<input type=\"search\" class=\"search-field\" placeholder=\"Rechercher\u2026\" value=\"\" name=\"s\" \/>\n\t\t\t\t<\/label>\n\t\t\t\t<input type=\"submit\" class=\"search-submit screen-reader-text\" value=\"Rechercher\" \/>\n\t\t\t<\/form><\/div>\n<\/div>\n<p class=\"\">&nbsp;<\/p>\n<div class=\"boldgrid-shortcode\" data-imhwpb-draggable=\"true\">\n<div class=\"widget widget_bogo_language_switcher\"><h4 class=\"widget-title\">Langues:<\/h4><ul class=\"bogo-language-switcher list-view\"><li class=\"en-GB en first\"><span class=\"bogoflags bogoflags-gb\"><\/span> <span class=\"bogo-language-name\"><a rel=\"alternate\" hreflang=\"en-GB\" href=\"https:\/\/www.carldeconinck.com\/wp-json\/wp\/v2\/pages\/379\/\" title=\"English\">English<\/a><\/span><\/li>\n<li class=\"fr-FR fr current\"><span class=\"bogoflags bogoflags-fr\"><\/span> <span class=\"bogo-language-name\"><a rel=\"alternate\" hreflang=\"fr-FR\" href=\"https:\/\/www.carldeconinck.com\/fr\/wp-json\/wp\/v2\/pages\/379\/\" title=\"French\" class=\"current\" aria-current=\"page\">Fran\u00e7ais<\/a><\/span><\/li>\n<li class=\"nl-BE nl last\"><span class=\"bogoflags bogoflags-be\"><\/span> <span class=\"bogo-language-name\"><a rel=\"alternate\" hreflang=\"nl-BE\" href=\"https:\/\/www.carldeconinck.com\/nl\/wp-json\/wp\/v2\/pages\/379\/\" title=\"Dutch\">Nederlands<\/a><\/span><\/li>\n<\/ul><\/div>\n<\/div>\n<p>&nbsp;<\/p>\n<\/div>\n<\/div>\n<\/div>\n<\/div>\n","protected":false},"excerpt":{"rendered":"<p>L&rsquo;envie de peindre est proportionnel \u00e0 l\u2019appr\u00e9hension&nbsp; de commencer \u00e0 peindre. Les couleurs d\u00e9filent devant les yeux mais on se trouve face \u00e0 une toile blanche . &nbsp; &nbsp; &nbsp; &nbsp; &nbsp; &nbsp; <a href=\"https:\/\/www.carldeconinck.com\/\" class=\"more-link\">Continuer la lecture de <span class=\"screen-reader-text\">Site Officiel<\/span><\/a><\/p>\n","protected":false},"author":3,"featured_media":0,"parent":0,"menu_order":0,"comment_status":"closed","ping_status":"closed","template":"template\/page\/fullwidth.php","meta":{"bgseo_title":"","bgseo_description":"","bgseo_robots_index":"index","bgseo_robots_follow":"follow","_locale":"fr_FR","_original_post":"https:\/\/www.carldeconinck.com\/?page_id=25","footnotes":""},"class_list":["post-379","page","type-page","status-publish","hentry","fr-FR"],"_links":{"self":[{"href":"https:\/\/www.carldeconinck.com\/wp-json\/wp\/v2\/pages\/379","targetHints":{"allow":["GET"]}}],"collection":[{"href":"https:\/\/www.carldeconinck.com\/wp-json\/wp\/v2\/pages"}],"about":[{"href":"https:\/\/www.carldeconinck.com\/wp-json\/wp\/v2\/types\/page"}],"author":[{"embeddable":true,"href":"https:\/\/www.carldeconinck.com\/wp-json\/wp\/v2\/users\/3"}],"replies":[{"embeddable":true,"href":"https:\/\/www.carldeconinck.com\/wp-json\/wp\/v2\/comments?post=379"}],"version-history":[{"count":10,"href":"https:\/\/www.carldeconinck.com\/wp-json\/wp\/v2\/pages\/379\/revisions"}],"predecessor-version":[{"id":994,"href":"https:\/\/www.carldeconinck.com\/wp-json\/wp\/v2\/pages\/379\/revisions\/994"}],"wp:attachment":[{"href":"https:\/\/www.carldeconinck.com\/wp-json\/wp\/v2\/media?parent=379"}],"curies":[{"name":"wp","href":"https:\/\/api.w.org\/{rel}","templated":true}]}}