{"id":750,"date":"2021-08-12T13:32:29","date_gmt":"2021-08-12T11:32:29","guid":{"rendered":"https:\/\/www.carldeconinck.com\/?page_id=750"},"modified":"2021-09-18T23:47:55","modified_gmt":"2021-09-18T21:47:55","slug":"sources-d-inspiration","status":"publish","type":"page","link":"https:\/\/www.carldeconinck.com\/fr\/sources-d-inspiration\/","title":{"rendered":"Sources d&rsquo;inspiration"},"content":{"rendered":"<div class=\"boldgrid-section\">\n<div class=\"container\">\n<div class=\"row\" style=\"padding-top: 43px; padding-bottom: 0px;\">\n<div class=\"col-md-12 col-sm-12 col-xs-12\">\n<p class=\"\" style=\"font-family: 'Palatino Linotype', 'Book Antiqua', Palatino, serif; font-weight: 400; font-size: 40px; line-height: 1.3em;\" data-font-family=\"Palatino Linotype\" data-font-weight=\"400\" data-font-style=\"\">Sources d&rsquo;inspiration<\/p>\n<\/div>\n<\/div>\n<div class=\"row\" style=\"padding-bottom: 10px; padding-top: 10px;\">\n<div class=\"col-md-8 col-sm-6 col-xs-12\">\n<p class=\"\" style=\"font-family: 'Palatino Linotype', 'Book Antiqua', Palatino, serif; font-weight: 400; font-size: 19px; line-height: 1.7em;\" data-font-family=\"Palatino Linotype\" data-font-weight=\"400\" data-font-style=\"\">Carl peint plut\u00f4t de mani\u00e8re non figurative, il n&rsquo;aime pas de donner de titres \u00e0 ses toiles, on lui en fait parfois la remarque. \u00ab Composition \u00bb ou \u00ab Sans titre \u00bb sont fr\u00e9quent dans la peinture. L\u2019id\u00e9e initiale est \u00e0 l\u2019origine du titre du tableau. Un exemple \u00ab Le carnaval d\u2019Appelterre \u00bb (une composition de plusieurs toiles assembl\u00e9es). Pendant la f\u00eate de carnaval \u00e0 l&rsquo;\u00e9cole maternelle de ses petits-enfants, il voyait des confettis aux couleurs \u00e9tranges comme violet, beige, noir, rose, bleu fonc\u00e9 cela a donn\u00e9 l&rsquo;inspiration pour cette toile. Autre exemple \u00ab La cravate d&rsquo;Hector \u00bb, Hector un ancien coll\u00e8gue de travail portait un jour une cravate qui lui donne l\u2019id\u00e9e d\u2019un tableau.<\/p>\n<p class=\"\" style=\"font-family: 'Palatino Linotype', 'Book Antiqua', Palatino, serif; font-weight: 400; font-size: 19px; line-height: 1.7em;\" data-font-family=\"Palatino Linotype\" data-font-weight=\"400\" data-font-style=\"\">Donc l\u2019origine est tout simplement des choses anodines de tous les jours, des couleurs, des formes&nbsp;qui attirent son attention.&nbsp;Les mots de <strong>Poliakoff <\/strong>:&nbsp;<strong>\u00ab Tache surtout de ne pas expliquer ton tableau.&nbsp;Laisse \u00e0 l&rsquo;autre le droit d&rsquo;exercer son imagination \u00bb *&nbsp;<\/strong>sont pour Carl le point de d\u00e9part pour aborder une \u0153uvre d&rsquo;art !<\/p>\n<p class=\"\" style=\"font-size: 12px; line-height: 1.7em; font-family: 'Palatino Linotype', 'Book Antiqua', Palatino, serif; font-weight: 400;\" data-font-family=\"Palatino Linotype\" data-font-weight=\"400\" data-font-style=\"\">* R\u00e9trospective Serge Poliakoff 1991, Galerie Melki, p. 92.<\/p>\n<\/div>\n<div class=\"col-md-4 col-sm-6 col-xs-12\">\n<p class=\"mod-reset\"><img loading=\"lazy\" decoding=\"async\" class=\"alignnone wp-image-675 \" src=\"https:\/\/www.carldeconinck.com\/wp-content\/uploads\/2021\/08\/841-2-300x300.jpg\" alt=\"\" width=\"359\" height=\"359\" srcset=\"https:\/\/www.carldeconinck.com\/wp-content\/uploads\/2021\/08\/841-2-300x300.jpg 300w, https:\/\/www.carldeconinck.com\/wp-content\/uploads\/2021\/08\/841-2-1024x1024.jpg 1024w, https:\/\/www.carldeconinck.com\/wp-content\/uploads\/2021\/08\/841-2-150x150.jpg 150w, https:\/\/www.carldeconinck.com\/wp-content\/uploads\/2021\/08\/841-2-768x768.jpg 768w, https:\/\/www.carldeconinck.com\/wp-content\/uploads\/2021\/08\/841-2-1536x1536.jpg 1536w, https:\/\/www.carldeconinck.com\/wp-content\/uploads\/2021\/08\/841-2-2048x2048.jpg 2048w, https:\/\/www.carldeconinck.com\/wp-content\/uploads\/2021\/08\/841-2-256x256.jpg 256w, https:\/\/www.carldeconinck.com\/wp-content\/uploads\/2021\/08\/841-2-192x192.jpg 192w, https:\/\/www.carldeconinck.com\/wp-content\/uploads\/2021\/08\/841-2-48x48.jpg 48w, https:\/\/www.carldeconinck.com\/wp-content\/uploads\/2021\/08\/841-2-250x250.jpg 250w, https:\/\/www.carldeconinck.com\/wp-content\/uploads\/2021\/08\/841-2-550x550.jpg 550w, https:\/\/www.carldeconinck.com\/wp-content\/uploads\/2021\/08\/841-2-800x800.jpg 800w, https:\/\/www.carldeconinck.com\/wp-content\/uploads\/2021\/08\/841-2-180x180.jpg 180w, https:\/\/www.carldeconinck.com\/wp-content\/uploads\/2021\/08\/841-2-500x500.jpg 500w\" sizes=\"auto, (max-width: 359px) 100vw, 359px\" \/><\/p>\n<p class=\"mod-reset\" style=\"font-family: 'Palatino Linotype', 'Book Antiqua', Palatino, serif; font-weight: 400; font-size: 16px; line-height: 3.1em;\" data-font-family=\"Palatino Linotype\" data-font-weight=\"400\" data-font-style=\"\"><em>Le carnaval d\u2019Appelterre, 2013<\/em><\/p>\n<\/div>\n<\/div>\n<\/div>\n<\/div>\n<div class=\"boldgrid-section\">\n<div class=\"container\">\n<div class=\"row\">\n<div class=\"col-md-12 col-xs-12 col-sm-12\">\n<p class=\"\" data-font-family=\"Palatino Linotype\" data-font-weight=\"400\" data-font-style=\"\">&nbsp;<\/p>\n<div class=\"boldgrid-shortcode\" data-imhwpb-draggable=\"true\">\n<div class=\"widget widget_search\"><form role=\"search\" method=\"get\" class=\"search-form\" action=\"https:\/\/www.carldeconinck.com\/\">\n\t\t\t\t<label>\n\t\t\t\t\t<span class=\"screen-reader-text\">Rechercher\u00a0:<\/span>\n\t\t\t\t\t<input type=\"search\" class=\"search-field\" placeholder=\"Rechercher\u2026\" value=\"\" name=\"s\" \/>\n\t\t\t\t<\/label>\n\t\t\t\t<input type=\"submit\" class=\"search-submit screen-reader-text\" value=\"Rechercher\" \/>\n\t\t\t<\/form><\/div>\n<\/div>\n<\/div>\n<\/div>\n<div class=\"row\"><\/div>\n<div class=\"row\">\n<div class=\"col-md-12 col-xs-12 col-sm-12\"><\/div>\n<\/div>\n<div class=\"row\">\n<div class=\"col-md-12 col-sm-12 col-xs-12\">\n<div class=\"boldgrid-shortcode\" data-imhwpb-draggable=\"true\">\n<div class=\"widget widget_bogo_language_switcher\"><h4 class=\"widget-title\">Languages:<\/h4><ul class=\"bogo-language-switcher list-view\"><li class=\"en-GB en first\"><span class=\"bogoflags bogoflags-gb\"><\/span> <span class=\"bogo-language-name\"><a rel=\"alternate\" hreflang=\"en-GB\" href=\"https:\/\/www.carldeconinck.com\/wp-json\/wp\/v2\/pages\/750\/\" title=\"English\">English<\/a><\/span><\/li>\n<li class=\"fr-FR fr current\"><span class=\"bogoflags bogoflags-fr\"><\/span> <span class=\"bogo-language-name\"><a rel=\"alternate\" hreflang=\"fr-FR\" href=\"https:\/\/www.carldeconinck.com\/fr\/wp-json\/wp\/v2\/pages\/750\/\" title=\"French\" class=\"current\" aria-current=\"page\">Fran\u00e7ais<\/a><\/span><\/li>\n<li class=\"nl-BE nl last\"><span class=\"bogoflags bogoflags-be\"><\/span> <span class=\"bogo-language-name\"><a rel=\"alternate\" hreflang=\"nl-BE\" href=\"https:\/\/www.carldeconinck.com\/nl\/wp-json\/wp\/v2\/pages\/750\/\" title=\"Dutch\">Nederlands<\/a><\/span><\/li>\n<\/ul><\/div>\n<p>&nbsp;<\/p>\n<\/div>\n<\/div>\n<\/div>\n<\/div>\n<\/div>\n","protected":false},"excerpt":{"rendered":"<p>Sources d&rsquo;inspiration Carl peint plut\u00f4t de mani\u00e8re non figurative, il n&rsquo;aime pas de donner de titres \u00e0 ses toiles, on lui en fait parfois la remarque. \u00ab Composition \u00bb ou \u00ab Sans titre \u00bb sont fr\u00e9quent dans la peinture. L\u2019id\u00e9e initiale est \u00e0 l\u2019origine du titre du tableau. Un exemple \u00ab Le carnaval d\u2019Appelterre \u00bb &hellip; <a href=\"https:\/\/www.carldeconinck.com\/fr\/sources-d-inspiration\/\" class=\"more-link\">Continuer la lecture de <span class=\"screen-reader-text\">Sources d&rsquo;inspiration<\/span><\/a><\/p>\n","protected":false},"author":3,"featured_media":0,"parent":0,"menu_order":0,"comment_status":"closed","ping_status":"closed","template":"template\/page\/fullwidth.php","meta":{"bgseo_title":"","bgseo_description":"","bgseo_robots_index":"index","bgseo_robots_follow":"follow","_locale":"fr_FR","_original_post":"https:\/\/www.carldeconinck.com\/?page_id=566","footnotes":""},"class_list":["post-750","page","type-page","status-publish","hentry","fr-FR"],"_links":{"self":[{"href":"https:\/\/www.carldeconinck.com\/wp-json\/wp\/v2\/pages\/750","targetHints":{"allow":["GET"]}}],"collection":[{"href":"https:\/\/www.carldeconinck.com\/wp-json\/wp\/v2\/pages"}],"about":[{"href":"https:\/\/www.carldeconinck.com\/wp-json\/wp\/v2\/types\/page"}],"author":[{"embeddable":true,"href":"https:\/\/www.carldeconinck.com\/wp-json\/wp\/v2\/users\/3"}],"replies":[{"embeddable":true,"href":"https:\/\/www.carldeconinck.com\/wp-json\/wp\/v2\/comments?post=750"}],"version-history":[{"count":8,"href":"https:\/\/www.carldeconinck.com\/wp-json\/wp\/v2\/pages\/750\/revisions"}],"predecessor-version":[{"id":947,"href":"https:\/\/www.carldeconinck.com\/wp-json\/wp\/v2\/pages\/750\/revisions\/947"}],"wp:attachment":[{"href":"https:\/\/www.carldeconinck.com\/wp-json\/wp\/v2\/media?parent=750"}],"curies":[{"name":"wp","href":"https:\/\/api.w.org\/{rel}","templated":true}]}}